{"id":6889,"date":"2017-04-14T01:48:21","date_gmt":"2017-04-14T01:48:21","guid":{"rendered":"http:\/\/multisite.latahosting.com\/vgco\/tree-ring\/"},"modified":"2017-07-03T22:31:28","modified_gmt":"2017-07-03T22:31:28","slug":"tree-ring","status":"publish","type":"page","link":"https:\/\/vangoghco.com\/es\/tree-ring\/","title":{"rendered":"Tree Ring"},"content":{"rendered":"<section class=\"wpb-content-wrapper\"><p>[vc_row neko_section_type=&#8221;neko-table-container&#8221; css=&#8221;.vc_custom_1493051904131{padding-top: 40px !important;padding-bottom: 20px !important;}&#8221;][vc_column width=&#8221;1\/2&#8243; css=&#8221;.vc_custom_1493050803386{padding-bottom: 25px !important;}&#8221;][vc_column_text]<\/p>\n<h3>Los Anuarios Escolares Reci\u00e9n Personalizados<\/h3>\n<p>Utilice TreeRing para crear un anuario que todos quieran tener. Uno lleno de recuerdos personales de cada estudiante y fotos, impreso \u00fanicamente en su propia copia del anuario. Reciba un descuento exclusivo de 15% al inscribirse hoy mismo.[\/vc_column_text][vc_btn title=&#8221;Vea su Precio&#8221; color=&#8221;success&#8221; link=&#8221;url:http%3A%2F%2Fwww.treering.com%2FcreateCommunity%3Fpromo%3DVanGogh||target:%20_blank|&#8221; el_class=&#8221;m-10&#8243;][vc_btn title=&#8221;Obtenga una Muestra&#8221; color=&#8221;success&#8221; link=&#8221;url:http%3A%2F%2Fpages.treering.com%2Fcolor-portraits-free-yearbook-sample.html||target:%20_blank|&#8221; el_class=&#8221;m-10&#8243;][vc_btn title=&#8221;Ideas del Anuario&#8221; color=&#8221;success&#8221; link=&#8221;url:http%3A%2F%2Fwww.treering.com%2FYearbook-Ideas||target:%20_blank|&#8221; el_class=&#8221;m-10&#8243;][vc_btn title=&#8221;Registrarse Escuela&#8221; color=&#8221;warning&#8221; align=&#8221;center&#8221; button_block=&#8221;true&#8221; link=&#8221;url:http%3A%2F%2Fwww.treering.com%2FcreateCommunity%3Fpromo%3DVanGogh||target:%20_blank|&#8221; css=&#8221;.vc_custom_1499121085310{margin-left: 15px !important;}&#8221; el_class=&#8221;m-20&#8243;][\/vc_column][vc_column width=&#8221;1\/2&#8243; css=&#8221;.vc_custom_1493050859386{padding-bottom: 20px !important;}&#8221;][vc_video link=&#8221;https:\/\/vimeo.com\/47062844&#8243; align=&#8221;center&#8221; css=&#8221;.vc_custom_1493050870306{padding: 10px !important;}&#8221;][\/vc_column][\/vc_row][vc_row][vc_column][vc_separator border_width=&#8221;2&#8243; css_animation=&#8221;fadeInRight&#8221;][\/vc_column][\/vc_row][vc_row][vc_column]<div  class=\"stylish-heading text-center show-neko-icon-on neko-sub-title-above   neko-small-title  wpb_animate_when_almost_visible wpb_slideInLeft slideInLeft   vc_custom_1495872205398\">\n\t\t<h2 class=\" small-heading\" style=\"color:#4f4f4f\">\n\t\tVea Por qu\u00e9 hemos escogido los anuarios TreeRing para nuestros socios escolares\n\t\t<\/h2> <span class=\"neko-title-icon neko-title-icon-default\" style=\" top:-54px;\" ><\/span>\n\t<\/div>[\/vc_column][\/vc_row][vc_row css=&#8221;.vc_custom_1492151261401{padding-bottom: 40px !important;}&#8221;][vc_column css_animation=&#8221;slideInLeft&#8221; width=&#8221;1\/3&#8243;][vc_column_text el_class=&#8221;item_pg_box&#8221;]<\/p>\n<div class=\"tring_subbox\">\n<div class=\"tring_subbox_hdr\" style=\"text-align: center;\">Anuarios Personalizados<\/div>\n<p><img loading=\"lazy\" decoding=\"async\" class=\"aligncenter wp-image-6492\" src=\"https:\/\/multisite.latahosting.com\/vgco\/wp-content\/uploads\/sites\/19\/2017\/04\/box1.png\" alt=\"\" width=\"254\" height=\"175\" \/><\/p>\n<div class=\"tring_subbox_txt\" style=\"text-align: center;\">El primer anuario del mundo personalizado para cada estudiante<\/div>\n<div class=\"tring_subbox_link\" style=\"text-align: center;\"><a href=\"http:\/\/www.treering.com\/TreeRing-Social-Yearbook\">Aprende M\u00e1s<\/a><\/div>\n<\/div>\n<p>[\/vc_column_text][\/vc_column][vc_column css_animation=&#8221;slideInUp&#8221; width=&#8221;1\/3&#8243;][vc_column_text el_class=&#8221;item_pg_box&#8221;]<\/p>\n<div class=\"tring_subbox\">\n<div class=\"tring_subbox_hdr\" style=\"text-align: center;\">Creaci\u00f3n del Anuario Inventivo<\/div>\n<p><img loading=\"lazy\" decoding=\"async\" class=\"aligncenter wp-image-6493\" src=\"https:\/\/multisite.latahosting.com\/vgco\/wp-content\/uploads\/sites\/19\/2017\/04\/box2.png\" alt=\"\" width=\"291\" height=\"175\" \/><\/p>\n<div class=\"tring_subbox_txt\" style=\"text-align: center;\">Por \u00faltimo, el software en l\u00ednea que hace que la creaci\u00f3n de su anuario un clic de distancia<\/div>\n<div class=\"tring_subbox_link\" style=\"text-align: center;\"><a href=\"http:\/\/www.treering.com\/Yearbook-Software\">Ver Caracter\u00edsticas<\/a><\/div>\n<\/div>\n<p>[\/vc_column_text][\/vc_column][vc_column css_animation=&#8221;slideInRight&#8221; width=&#8221;1\/3&#8243;][vc_column_text el_class=&#8221;item_pg_box&#8221;]<\/p>\n<div class=\"tring_subbox\">\n<div class=\"tring_subbox_hdr\" style=\"text-align: center;\">No m\u00e1s libros sobrantes<\/div>\n<p><img loading=\"lazy\" decoding=\"async\" class=\"aligncenter wp-image-6494\" src=\"https:\/\/multisite.latahosting.com\/vgco\/wp-content\/uploads\/sites\/19\/2017\/04\/box3.png\" alt=\"\" width=\"261\" height=\"175\" \/><\/p>\n<div class=\"tring_subbox_txt\" style=\"text-align: center;\">Sin contratos ni compromisos. Con TreeRing nunca volver\u00e1 a tener anuarios sobrantes<\/div>\n<div class=\"tring_subbox_link\" style=\"text-align: center;\"><a href=\"http:\/\/www.treering.com\/TreeRing-Savings-Calculator\">Calcular Ahorros<\/a><\/div>\n<\/div>\n<p>[\/vc_column_text][\/vc_column][\/vc_row]<\/p>\n<\/section>","protected":false},"excerpt":{"rendered":"<p>[vc_row neko_section_type=&#8221;neko-table-container&#8221; css=&#8221;.vc_custom_1493051904131{padding-top: 40px !important;padding-bottom: 20px !important;}&#8221;][vc_column width=&#8221;1\/2&#8243; css=&#8221;.vc_custom_1493050803386{padding-bottom: 25px !important;}&#8221;][vc_column_text] Los Anuarios Escolares Reci\u00e9n Personalizados Utilice TreeRing para crear un anuario que todos quieran tener. Uno lleno de recuerdos personales de cada estudiante y fotos, impreso \u00fanicamente en su propia copia del anuario. Reciba un descuento exclusivo de 15% al inscribirse hoy mismo.[\/vc_column_text][vc_btn title=&#8221;Vea<\/p>\n","protected":false},"author":1,"featured_media":0,"parent":0,"menu_order":0,"comment_status":"closed","ping_status":"closed","template":"","meta":{"footnotes":""},"class_list":["post-6889","page","type-page","status-publish","hentry"],"_links":{"self":[{"href":"https:\/\/vangoghco.com\/es\/wp-json\/wp\/v2\/pages\/6889","targetHints":{"allow":["GET"]}}],"collection":[{"href":"https:\/\/vangoghco.com\/es\/wp-json\/wp\/v2\/pages"}],"about":[{"href":"https:\/\/vangoghco.com\/es\/wp-json\/wp\/v2\/types\/page"}],"author":[{"embeddable":true,"href":"https:\/\/vangoghco.com\/es\/wp-json\/wp\/v2\/users\/1"}],"replies":[{"embeddable":true,"href":"https:\/\/vangoghco.com\/es\/wp-json\/wp\/v2\/comments?post=6889"}],"version-history":[{"count":6,"href":"https:\/\/vangoghco.com\/es\/wp-json\/wp\/v2\/pages\/6889\/revisions"}],"predecessor-version":[{"id":7020,"href":"https:\/\/vangoghco.com\/es\/wp-json\/wp\/v2\/pages\/6889\/revisions\/7020"}],"wp:attachment":[{"href":"https:\/\/vangoghco.com\/es\/wp-json\/wp\/v2\/media?parent=6889"}],"curies":[{"name":"wp","href":"https:\/\/api.w.org\/{rel}","templated":true}]}}