{"id":6907,"date":"2017-04-17T19:30:40","date_gmt":"2017-04-17T19:30:40","guid":{"rendered":"http:\/\/multisite.latahosting.com\/vgco\/service-and-safety-items\/"},"modified":"2017-05-27T07:55:43","modified_gmt":"2017-05-27T07:55:43","slug":"service-and-safety-items","status":"publish","type":"page","link":"https:\/\/vangoghco.com\/es\/service-and-safety-items\/","title":{"rendered":"Art\u00edculos de Servicio y Seguridad"},"content":{"rendered":"<section class=\"wpb-content-wrapper\"><p>[vc_row full_width=&#8221;stretch_row_content_no_spaces&#8221; css=&#8221;.vc_custom_1495871739304{background-image: url(https:\/\/multisite.latahosting.com\/vgco\/wp-content\/uploads\/sites\/19\/2017\/05\/family2.jpg?id=6837) !important;background-position: center !important;background-repeat: no-repeat !important;background-size: cover !important;}&#8221;][vc_column]<div  class=\"neko-vc_page-header neko-vc_page-header-align-center neko-vc_page-header-size-medium  vc_custom_1495312873848   neko-vc_page-header-title-large\"><div class=\"container\"><div class=\"row\"><div class=\"col-md-12\"><h1  class=\" wpb_animate_when_almost_visible wpb_appear \"> Art\u00edculos de Servicio y Seguridad <\/h1> <\/div><\/div><\/div><\/div>[\/vc_column][\/vc_row][vc_row css=&#8221;.vc_custom_1492786452041{padding-top: 35px !important;padding-bottom: 25px !important;}&#8221;][vc_column width=&#8221;1\/3&#8243;][vc_column_text el_class=&#8221;item_pg_box&#8221; css=&#8221;.vc_custom_1495312918845{border-top-width: 1px !important;border-right-width: 1px !important;border-bottom-width: 1px !important;border-left-width: 1px !important;padding-top: 10px !important;padding-right: 10px !important;padding-bottom: 10px !important;padding-left: 10px !important;border-left-color: #dbdbdb !important;border-left-style: solid !important;border-right-color: #dbdbdb !important;border-right-style: solid !important;border-top-color: #dbdbdb !important;border-top-style: solid !important;border-bottom-color: #dbdbdb !important;border-bottom-style: solid !important;border-radius: 4px !important;}&#8221;]<\/p>\n<p style=\"text-align: center;\"><strong>ID de la Escuela y del Estudiante<\/strong><\/p>\n<p><img loading=\"lazy\" decoding=\"async\" class=\"aligncenter wp-image-6751\" src=\"http:\/\/multisite.latahosting.com\/vgco\/wp-content\/uploads\/sites\/19\/2017\/04\/Safety-and-Service-ID-205x300.jpg\" alt=\"\" width=\"150\" height=\"220\" \/><\/p>\n<p style=\"text-align: center;\">Nuestros identificadores duraderos pueden proporcionar informaci\u00f3n personal, el logotipo de su escuela y el c\u00f3digo de barras, si es necesario.<\/p>\n<p>[\/vc_column_text][\/vc_column][vc_column width=&#8221;1\/3&#8243;][vc_column_text el_class=&#8221;item_pg_box&#8221; css=&#8221;.vc_custom_1495800849709{border-top-width: 1px !important;border-right-width: 1px !important;border-bottom-width: 1px !important;border-left-width: 1px !important;padding-top: 10px !important;padding-right: 10px !important;padding-bottom: 10px !important;padding-left: 10px !important;border-left-color: #dbdbdb !important;border-left-style: solid !important;border-right-color: #dbdbdb !important;border-right-style: solid !important;border-top-color: #dbdbdb !important;border-top-style: solid !important;border-bottom-color: #dbdbdb !important;border-bottom-style: solid !important;border-radius: 4px !important;}&#8221;]<\/p>\n<p style=\"text-align: center;\"><strong>Impresiones de Servicios y Digital de Im\u00e1genes<\/strong><\/p>\n<p><img loading=\"lazy\" decoding=\"async\" class=\"wp-image-6820 size-medium aligncenter\" src=\"http:\/\/multisite.latahosting.com\/vgco\/wp-content\/uploads\/sites\/19\/2017\/05\/Service-and-Safety-Items-Service-Prints-300x226.jpg\" alt=\"\" width=\"300\" height=\"226\" \/><\/p>\n<p style=\"text-align: center;\">D\u00edganos c\u00f3mo nuestras fotos pueden ayudarle y en qu\u00e9 formato son m\u00e1s \u00fatiles.<\/p>\n<p>[\/vc_column_text][\/vc_column][vc_column width=&#8221;1\/3&#8243;][vc_column_text el_class=&#8221;item_pg_box&#8221; css=&#8221;.vc_custom_1495312998926{border-top-width: 1px !important;border-right-width: 1px !important;border-bottom-width: 1px !important;border-left-width: 1px !important;padding-top: 10px !important;padding-right: 10px !important;padding-bottom: 10px !important;padding-left: 10px !important;border-left-color: #dbdbdb !important;border-left-style: solid !important;border-right-color: #dbdbdb !important;border-right-style: solid !important;border-top-color: #dbdbdb !important;border-top-style: solid !important;border-bottom-color: #dbdbdb !important;border-bottom-style: solid !important;border-radius: 4px !important;}&#8221;]<\/p>\n<p style=\"text-align: center;\"><strong>Libros de Respuesta de Emergencia<\/strong><\/p>\n<p><img loading=\"lazy\" decoding=\"async\" class=\"aligncenter wp-image-6750\" src=\"http:\/\/multisite.latahosting.com\/vgco\/wp-content\/uploads\/sites\/19\/2017\/04\/Service-and-Safety-Emergency-Response-Book-232x300.jpg\" alt=\"\" width=\"150\" height=\"194\" \/><\/p>\n<p style=\"text-align: center;\">Esperamos que nuestros libros de respuesta de emergencia nunca se necesiten, pero est\u00e1n disponibles si surge la necesidad.<\/p>\n<p>[\/vc_column_text][\/vc_column][\/vc_row]<\/p>\n<\/section>","protected":false},"excerpt":{"rendered":"<p>[vc_row full_width=&#8221;stretch_row_content_no_spaces&#8221; css=&#8221;.vc_custom_1495871739304{background-image: url(https:\/\/multisite.latahosting.com\/vgco\/wp-content\/uploads\/sites\/19\/2017\/05\/family2.jpg?id=6837) !important;background-position: center !important;background-repeat: no-repeat !important;background-size: cover !important;}&#8221;][vc_column][\/vc_column][\/vc_row][vc_row css=&#8221;.vc_custom_1492786452041{padding-top: 35px !important;padding-bottom: 25px !important;}&#8221;][vc_column width=&#8221;1\/3&#8243;][vc_column_text el_class=&#8221;item_pg_box&#8221; css=&#8221;.vc_custom_1495312918845{border-top-width: 1px !important;border-right-width: 1px !important;border-bottom-width: 1px !important;border-left-width: 1px !important;padding-top: 10px !important;padding-right: 10px !important;padding-bottom: 10px !important;padding-left: 10px !important;border-left-color: #dbdbdb !important;border-left-style: solid !important;border-right-color: #dbdbdb !important;border-right-style: solid !important;border-top-color: #dbdbdb !important;border-top-style: solid !important;border-bottom-color: #dbdbdb !important;border-bottom-style: solid !important;border-radius: 4px !important;}&#8221;] ID de<\/p>\n","protected":false},"author":1,"featured_media":0,"parent":0,"menu_order":0,"comment_status":"closed","ping_status":"closed","template":"","meta":{"footnotes":""},"class_list":["post-6907","page","type-page","status-publish","hentry"],"_links":{"self":[{"href":"https:\/\/vangoghco.com\/es\/wp-json\/wp\/v2\/pages\/6907","targetHints":{"allow":["GET"]}}],"collection":[{"href":"https:\/\/vangoghco.com\/es\/wp-json\/wp\/v2\/pages"}],"about":[{"href":"https:\/\/vangoghco.com\/es\/wp-json\/wp\/v2\/types\/page"}],"author":[{"embeddable":true,"href":"https:\/\/vangoghco.com\/es\/wp-json\/wp\/v2\/users\/1"}],"replies":[{"embeddable":true,"href":"https:\/\/vangoghco.com\/es\/wp-json\/wp\/v2\/comments?post=6907"}],"version-history":[{"count":2,"href":"https:\/\/vangoghco.com\/es\/wp-json\/wp\/v2\/pages\/6907\/revisions"}],"predecessor-version":[{"id":6972,"href":"https:\/\/vangoghco.com\/es\/wp-json\/wp\/v2\/pages\/6907\/revisions\/6972"}],"wp:attachment":[{"href":"https:\/\/vangoghco.com\/es\/wp-json\/wp\/v2\/media?parent=6907"}],"curies":[{"name":"wp","href":"https:\/\/api.w.org\/{rel}","templated":true}]}}