{"id":6915,"date":"2017-04-17T19:30:17","date_gmt":"2017-04-17T19:30:17","guid":{"rendered":"http:\/\/multisite.latahosting.com\/vgco\/personalized-yearbooks\/"},"modified":"2017-05-27T07:55:19","modified_gmt":"2017-05-27T07:55:19","slug":"personalized-yearbooks","status":"publish","type":"page","link":"https:\/\/vangoghco.com\/es\/personalized-yearbooks\/","title":{"rendered":"Anuarios Personalizados"},"content":{"rendered":"<section class=\"wpb-content-wrapper\"><p>[vc_row full_width=&#8221;stretch_row_content_no_spaces&#8221; css=&#8221;.vc_custom_1495871714879{background: rgba(234,234,234,0.54) url(https:\/\/multisite.latahosting.com\/vgco\/wp-content\/uploads\/sites\/19\/2017\/04\/bookspine.jpg?id=6599) !important;background-position: center !important;background-repeat: no-repeat !important;background-size: cover !important;*background-color: rgb(234,234,234) !important;}&#8221;][vc_column]<div  class=\"neko-vc_page-header neko-vc_page-header-align-center neko-vc_page-header-size-medium  vc_custom_1495313931084   neko-vc_page-header-title-large\"><div class=\"container\"><div class=\"row\"><div class=\"col-md-12\"><h1 style=\"color:#000000\" class=\" wpb_animate_when_almost_visible wpb_appear \"> Anuarios Personalizados <\/h1> <\/div><\/div><\/div><\/div>[\/vc_column][\/vc_row][vc_row css=&#8221;.vc_custom_1492748754858{padding-top: 45px !important;padding-bottom: 25px !important;}&#8221;][vc_column width=&#8221;1\/3&#8243;]<div  class=\"neko-vc_feature-box neko-vc_media-left    vc_custom_1495313955030\"><i class=\"icon-neko fa fa-users x-large default \" style=\"  border-color: transparent;  \"><\/i><div class=\"neko-vc_feature-box-content\"><p> Personal de anuario de tiempo completo. <\/p>\n<\/div><\/div>[\/vc_column][vc_column width=&#8221;1\/3&#8243;]<div  class=\"neko-vc_feature-box neko-vc_media-left    vc_custom_1495313971382\"><i class=\"icon-neko fa fa-calendar x-large default \" style=\"  border-color: transparent;  \"><\/i><div class=\"neko-vc_feature-box-content\"><p> Plazos flexibles y tard\u00edos del anuario. <\/p>\n<\/div><\/div>[\/vc_column][vc_column width=&#8221;1\/3&#8243;]<div  class=\"neko-vc_feature-box neko-vc_media-left    vc_custom_1495801377894\"><i class=\"icon-neko fa fa-book x-large default \" style=\"  border-color: transparent;  \"><\/i><div class=\"neko-vc_feature-box-content\"><p>Tapa dura y blanda disponible y decidida por cada familia.<\/p>\n<\/div><\/div>[\/vc_column][\/vc_row][vc_row css=&#8221;.vc_custom_1492748762330{padding-top: 25px !important;padding-bottom: 25px !important;}&#8221;][vc_column width=&#8221;1\/3&#8243;]<div  class=\"neko-vc_feature-box neko-vc_media-left    vc_custom_1495314004702\"><i class=\"icon-neko fa fa-desktop x-large default \" style=\"  border-color: transparent;  \"><\/i><div class=\"neko-vc_feature-box-content\"><p> Creaci\u00f3n f\u00e1cil de anuarios en l\u00ednea para su equipo de anuarios. <\/p>\n<\/div><\/div>[\/vc_column][vc_column width=&#8221;1\/3&#8243;]<div  class=\"neko-vc_feature-box neko-vc_media-left    vc_custom_1495314042167\"><i class=\"icon-neko fa fa-shopping-cart x-large default \" style=\"  border-color: transparent;  \"><\/i><div class=\"neko-vc_feature-box-content\"><p> No hay problemas en l\u00ednea de pedidos para los padres. <\/p>\n<\/div><\/div>[\/vc_column][vc_column width=&#8221;1\/3&#8243;]<div  class=\"neko-vc_feature-box neko-vc_media-left    vc_custom_1495801403862\"><i class=\"icon-neko fa fa-picture-o x-large default \" style=\"  border-color: transparent;  \"><\/i><div class=\"neko-vc_feature-box-content\"><p>Las fotos se podran cargar y las im\u00e1genes fluir\u00e1n\u00a0en las p\u00e1ginas de la\u00a0sala de clase\u00a0para usted.<\/p>\n<\/div><\/div>[\/vc_column][\/vc_row][vc_row css=&#8221;.vc_custom_1492748770346{padding-top: 25px !important;padding-bottom: 45px !important;}&#8221;][vc_column width=&#8221;1\/3&#8243;]<div  class=\"neko-vc_feature-box neko-vc_media-left    vc_custom_1495314070622\"><i class=\"icon-neko fa fa-cogs x-large default \" style=\"  border-color: transparent;  \"><\/i><div class=\"neko-vc_feature-box-content\"><p> F\u00e1cil de crear p\u00e1ginas personalizadas disponibles para todos los estudiantes. <\/p>\n<\/div><\/div>[\/vc_column][vc_column width=&#8221;1\/3&#8243;]<div  class=\"neko-vc_feature-box neko-vc_media-left    vc_custom_1495314084630\"><i class=\"icon-neko fa fa-camera x-large default \" style=\"  border-color: transparent;  \"><\/i><div class=\"neko-vc_feature-box-content\"><p> Fot\u00f3grafo disponible para im\u00e1genes sinceras. <\/p>\n<\/div><\/div>[\/vc_column][vc_column width=&#8221;1\/3&#8243;]<div  class=\"neko-vc_feature-box neko-vc_media-left    vc_custom_1495314101622\"><i class=\"icon-neko fa fa-print x-large default \" style=\"  border-color: transparent;  \"><\/i><div class=\"neko-vc_feature-box-content\"><p> Anuarios impresos con incre\u00edble color y construcci\u00f3n de libros ultra duraderos. <\/p>\n<\/div><\/div>[\/vc_column][\/vc_row][vc_row][vc_column width=&#8221;1\/4&#8243;][vc_single_image image=&#8221;6816&#8243; img_size=&#8221;medium&#8221; alignment=&#8221;center&#8221; onclick=&#8221;zoom&#8221;][\/vc_column][vc_column width=&#8221;1\/4&#8243;][vc_single_image image=&#8221;6819&#8243; img_size=&#8221;medium&#8221; alignment=&#8221;center&#8221; onclick=&#8221;zoom&#8221;][\/vc_column][vc_column width=&#8221;1\/4&#8243;][vc_single_image image=&#8221;6818&#8243; img_size=&#8221;medium&#8221; alignment=&#8221;center&#8221; onclick=&#8221;zoom&#8221;][\/vc_column][vc_column width=&#8221;1\/4&#8243;][vc_single_image image=&#8221;6817&#8243; img_size=&#8221;medium&#8221; alignment=&#8221;center&#8221; onclick=&#8221;zoom&#8221;][\/vc_column][\/vc_row]<\/p>\n<\/section>","protected":false},"excerpt":{"rendered":"<p>[vc_row full_width=&#8221;stretch_row_content_no_spaces&#8221; css=&#8221;.vc_custom_1495871714879{background: rgba(234,234,234,0.54) url(https:\/\/multisite.latahosting.com\/vgco\/wp-content\/uploads\/sites\/19\/2017\/04\/bookspine.jpg?id=6599) !important;background-position: center !important;background-repeat: no-repeat !important;background-size: cover !important;*background-color: rgb(234,234,234) !important;}&#8221;][vc_column][\/vc_column][\/vc_row][vc_row css=&#8221;.vc_custom_1492748754858{padding-top: 45px !important;padding-bottom: 25px !important;}&#8221;][vc_column width=&#8221;1\/3&#8243;][\/vc_column][vc_column width=&#8221;1\/3&#8243;][\/vc_column][vc_column width=&#8221;1\/3&#8243;][\/vc_column][\/vc_row][vc_row css=&#8221;.vc_custom_1492748762330{padding-top: 25px !important;padding-bottom: 25px !important;}&#8221;][vc_column width=&#8221;1\/3&#8243;][\/vc_column][vc_column width=&#8221;1\/3&#8243;][\/vc_column][vc_column width=&#8221;1\/3&#8243;][\/vc_column][\/vc_row][vc_row css=&#8221;.vc_custom_1492748770346{padding-top: 25px !important;padding-bottom: 45px !important;}&#8221;][vc_column width=&#8221;1\/3&#8243;][\/vc_column][vc_column width=&#8221;1\/3&#8243;][\/vc_column][vc_column width=&#8221;1\/3&#8243;][\/vc_column][\/vc_row][vc_row][vc_column width=&#8221;1\/4&#8243;][vc_single_image image=&#8221;6816&#8243; img_size=&#8221;medium&#8221; alignment=&#8221;center&#8221; onclick=&#8221;zoom&#8221;][\/vc_column][vc_column width=&#8221;1\/4&#8243;][vc_single_image image=&#8221;6819&#8243; img_size=&#8221;medium&#8221; alignment=&#8221;center&#8221; onclick=&#8221;zoom&#8221;][\/vc_column][vc_column width=&#8221;1\/4&#8243;][vc_single_image image=&#8221;6818&#8243; img_size=&#8221;medium&#8221; alignment=&#8221;center&#8221; onclick=&#8221;zoom&#8221;][\/vc_column][vc_column width=&#8221;1\/4&#8243;][vc_single_image image=&#8221;6817&#8243;<\/p>\n","protected":false},"author":1,"featured_media":0,"parent":0,"menu_order":0,"comment_status":"closed","ping_status":"closed","template":"","meta":{"footnotes":""},"class_list":["post-6915","page","type-page","status-publish","hentry"],"_links":{"self":[{"href":"https:\/\/vangoghco.com\/es\/wp-json\/wp\/v2\/pages\/6915","targetHints":{"allow":["GET"]}}],"collection":[{"href":"https:\/\/vangoghco.com\/es\/wp-json\/wp\/v2\/pages"}],"about":[{"href":"https:\/\/vangoghco.com\/es\/wp-json\/wp\/v2\/types\/page"}],"author":[{"embeddable":true,"href":"https:\/\/vangoghco.com\/es\/wp-json\/wp\/v2\/users\/1"}],"replies":[{"embeddable":true,"href":"https:\/\/vangoghco.com\/es\/wp-json\/wp\/v2\/comments?post=6915"}],"version-history":[{"count":3,"href":"https:\/\/vangoghco.com\/es\/wp-json\/wp\/v2\/pages\/6915\/revisions"}],"predecessor-version":[{"id":6971,"href":"https:\/\/vangoghco.com\/es\/wp-json\/wp\/v2\/pages\/6915\/revisions\/6971"}],"wp:attachment":[{"href":"https:\/\/vangoghco.com\/es\/wp-json\/wp\/v2\/media?parent=6915"}],"curies":[{"name":"wp","href":"https:\/\/api.w.org\/{rel}","templated":true}]}}