{"id":6919,"date":"2017-04-17T19:29:59","date_gmt":"2017-04-17T19:29:59","guid":{"rendered":"http:\/\/multisite.latahosting.com\/vgco\/portrait-programs\/"},"modified":"2017-06-03T05:32:19","modified_gmt":"2017-06-03T05:32:19","slug":"portrait-programs","status":"publish","type":"page","link":"https:\/\/vangoghco.com\/es\/portrait-programs\/","title":{"rendered":"Programas de Retrato"},"content":{"rendered":"<section class=\"wpb-content-wrapper\"><p>[vc_row full_width=&#8221;stretch_row_content_no_spaces&#8221; css=&#8221;.vc_custom_1495872089192{background-image: url(https:\/\/multisite.latahosting.com\/vgco\/wp-content\/uploads\/sites\/19\/2017\/05\/girl-glasses.jpg?id=6838) !important;}&#8221;][vc_column]<div  class=\"neko-vc_page-header neko-vc_page-header-align-center neko-vc_page-header-size-medium  vc_custom_1495317308110   neko-vc_page-header-title-large\"><div class=\"container\"><div class=\"row\"><div class=\"col-md-12\"><h1 style=\"color:#000000\" class=\" \"> Programas de Retrato <\/h1> <\/div><\/div><\/div><\/div>[\/vc_column][\/vc_row][vc_row css=&#8221;.vc_custom_1492750764580{padding-top: 25px !important;}&#8221;][vc_column][vc_column_text]<\/p>\n<p style=\"text-align: center;\"><span style=\"font-size: 20px;\">Van Gogh School Photographers ofrece una variedad de excelentes programas de retratos: <\/span><\/p>\n<p style=\"text-align: center;\"><span style=\"font-size: 20px;\">Oto\u00f1o, Primavera, Promoci\u00f3n de Kindergarten, Graduaci\u00f3n de Octavo Grado y Deportes.<\/span><\/p>\n<p style=\"text-align: center;\"><span style=\"font-size: 20px;\">Ofrecemos las impresiones de la m\u00e1s alta calidad y las novedades de la foto que hacen los recuerdos maravillosos o los regalos perfectos.<\/span><\/p>\n<p>[\/vc_column_text][vc_separator][\/vc_column][\/vc_row][vc_row neko_section_type=&#8221;neko-table-container&#8221;][vc_column width=&#8221;1\/3&#8243;][vc_column_text]<\/p>\n<p><strong>Retratos de Oto\u00f1o<\/strong> son los retratos cl\u00e1sicos que los padres aman con un toque personal. Los estudiantes son tomados en una pantalla verde que permite a los padres elegir el fondo que mejor se adapte a su estilo y personalidad, al tiempo que permite una mirada uniforme en el compuesto y el anuario.<\/p>\n<p>[\/vc_column_text][\/vc_column][vc_column width=&#8221;1\/3&#8243;][vc_column_text]<img loading=\"lazy\" decoding=\"async\" class=\"aligncenter wp-image-6721 size-full\" src=\"https:\/\/multisite.latahosting.com\/vgco\/wp-content\/uploads\/sites\/19\/2017\/04\/fall2.jpg\" alt=\"\" width=\"200\" height=\"250\" \/>[\/vc_column_text][\/vc_column][vc_column width=&#8221;1\/3&#8243;][vc_column_text]<img loading=\"lazy\" decoding=\"async\" class=\"wp-image-6720 size-full aligncenter\" src=\"https:\/\/multisite.latahosting.com\/vgco\/wp-content\/uploads\/sites\/19\/2017\/04\/fall1.jpg\" alt=\"\" width=\"200\" height=\"250\" \/>[\/vc_column_text][\/vc_column][\/vc_row][vc_row][vc_column][vc_separator][\/vc_column][\/vc_row][vc_row neko_section_type=&#8221;neko-table-container&#8221;][vc_column width=&#8221;1\/3&#8243;][vc_column_text]<\/p>\n<p><strong>Retratos\u00a0de la Primavera<\/strong> permiten la presentaci\u00f3n que realmente capta las personalidades de los estudiantes y fotos de los hermanos. \u00a1Nuestras fotos y recuerdos hacen\u00a0grand regalos para el d\u00eda de Madre y de Padre!<\/p>\n<p>[\/vc_column_text][\/vc_column][vc_column width=&#8221;1\/3&#8243;][vc_column_text]<img loading=\"lazy\" decoding=\"async\" class=\"aligncenter wp-image-6725 size-full\" src=\"https:\/\/multisite.latahosting.com\/vgco\/wp-content\/uploads\/sites\/19\/2017\/04\/spring2.jpg\" alt=\"\" width=\"200\" height=\"250\" \/>[\/vc_column_text][\/vc_column][vc_column width=&#8221;1\/3&#8243;][vc_column_text]<img loading=\"lazy\" decoding=\"async\" class=\"aligncenter wp-image-6724 size-full\" src=\"https:\/\/multisite.latahosting.com\/vgco\/wp-content\/uploads\/sites\/19\/2017\/04\/spring1.jpg\" alt=\"\" width=\"200\" height=\"250\" \/>[\/vc_column_text][\/vc_column][\/vc_row][vc_row][vc_column][vc_separator][\/vc_column][\/vc_row][vc_row neko_section_type=&#8221;neko-table-container&#8221;][vc_column width=&#8221;1\/3&#8243;][vc_column_text]<\/p>\n<p><strong>Retratos Deportivos<\/strong> son una excelente manera de celebrar el duro trabajo del equipo y de los jugadores individuales. Ofrecemos postura tradicional y de actitud para fotos individuales y de equipo.<\/p>\n<p>[\/vc_column_text][\/vc_column][vc_column width=&#8221;1\/3&#8243;][vc_column_text]<img loading=\"lazy\" decoding=\"async\" class=\"aligncenter wp-image-6723 size-full\" src=\"https:\/\/multisite.latahosting.com\/vgco\/wp-content\/uploads\/sites\/19\/2017\/04\/sports2.jpg\" alt=\"\" width=\"200\" height=\"250\" \/>[\/vc_column_text][\/vc_column][vc_column width=&#8221;1\/3&#8243;][vc_column_text]<img loading=\"lazy\" decoding=\"async\" class=\"wp-image-6803 size-medium aligncenter\" src=\"https:\/\/multisite.latahosting.com\/vgco\/wp-content\/uploads\/sites\/19\/2017\/04\/Portrait-Programs-Sports-300x230.jpg\" alt=\"\" width=\"300\" height=\"230\" \/>[\/vc_column_text][\/vc_column][\/vc_row][vc_row][vc_column][vc_separator]<div  class=\"stylish-heading text-center show-neko-icon-on neko-sub-title-under   neko-small-title  neko-text-shadow  vc_custom_1495801574132\">\n\t\t<h2 class=\" small-heading\">\n\t\tFotos de la Sala de Clase y Fotos de la Escuela<span>Fotos de la sala de clase y todas las fotos de la escuela son atesorados por los estudiantes para los pr\u00f3ximos a\u00f1os. Ofrecemos una variedad de formas divertidas para que los estudiantes recuerden a sus compa\u00f1eros de la sala de clase.<\/span>\n\t\t<\/h2> <span class=\"neko-title-icon neko-title-icon-default\" style=\" top:-54px;\" ><\/span>\n\t<\/div>[vc_row_inner equal_height=&#8221;yes&#8221; content_placement=&#8221;middle&#8221; gap=&#8221;10&#8243;][vc_column_inner width=&#8221;1\/2&#8243;]<div  class=\"neko-vc_feature-box neko-vc_media-left    vc_custom_1495801617207\"><i class=\"icon-neko vc_li vc_li-photo large default \" style=\"  border-color: transparent;  \"><\/i><div class=\"neko-vc_feature-box-content\"><p>Compuestos<\/p>\n<\/div><\/div><div  class=\"neko-vc_feature-box neko-vc_media-left    vc_custom_1495317155554\"><i class=\"icon-neko fa fa-camera large default \" style=\"  border-color: transparent;  \"><\/i><div class=\"neko-vc_feature-box-content\"><p> Panor\u00e1micas y Mosaico Fotos de la Escuela <\/p>\n<\/div><\/div><div  class=\"neko-vc_feature-box neko-vc_media-left    vc_custom_1495317140472\"><i class=\"icon-neko fa fa-tree large default \" style=\"  border-color: transparent;  \"><\/i><div class=\"neko-vc_feature-box-content\"><p> Grupos al Aire Libre <\/p>\n<\/div><\/div><div  class=\"neko-vc_feature-box neko-vc_media-left    vc_custom_1495317121711\"><i class=\"icon-neko fa fa-gift large default \" style=\"  border-color: transparent;  \"><\/i><div class=\"neko-vc_feature-box-content\"><p> Recuerdos Especiales <\/p>\n<\/div><\/div>[\/vc_column_inner][vc_column_inner width=&#8221;1\/2&#8243;][rev_slider_vc alias=&#8221;promoslider&#8221;][\/vc_column_inner][\/vc_row_inner][\/vc_column][\/vc_row][vc_row css=&#8221;.vc_custom_1492531177114{padding-bottom: 15px !important;}&#8221;][vc_column][vc_separator]<div  class=\"stylish-heading text-center show-neko-icon-on neko-sub-title-under   neko-small-title    vc_custom_1495801649121\">\n\t\t<h2 class=\" small-heading\">\n\t\tRetratos de Promociones \/ Graduaci\u00f3n<span>Los retratos de la promoci\u00f3n\/graduaci\u00f3n son una gran manera de capturar, de preservar, y de compartir un hito significativo. Ofrecemos a los estudiantes y padres la m\u00e1xima variedad y flexibilidad a trav\u00e9s de m\u00faltiples poses, muchos antecedentes y una variedad de recuerdos y regalos.<\/span>\n\t\t<\/h2> <span class=\"neko-title-icon neko-title-icon-default\" style=\" top:-54px;\" ><\/span>\n\t<\/div>[\/vc_column][\/vc_row][vc_row][vc_column]<h3 class=\"neko-vc_list-icon-title\">Graduaci\u00f3n del Octavo Grado<\/h3> <ul  class=\"neko-vc_list-icon-ul clearfix   wpb_animate_when_almost_visible wpb_fadeInLeft fadeInLeft\"><li  class=\"neko-vc_list-icon-li ml-15\" style=\"border-bottom: 1px none \"><i class=\"icon-neko fa fa-graduation-cap\" style=\"color:#568ebf\"><\/i><span >Gorras y vestidos de graduaci\u00f3n en los colores de su escuela.<\/span><\/li><li  class=\"neko-vc_list-icon-li ml-15\" style=\"border-bottom: 1px none \"><i class=\"icon-neko fa fa-picture-o\" style=\"color:#568ebf\"><\/i><span >M\u00faltiples poses y fondos para destacar este logro significativo.<\/span><\/li><li  class=\"neko-vc_list-icon-li ml-15\" style=\"border-bottom: 1px none \"><i class=\"icon-neko fa fa-diamond\" style=\"color:#568ebf\"><\/i><span >Impresionantes tableros compuestos de graduaci\u00f3n.<\/span><\/li><\/ul>[vc_row_inner equal_height=&#8221;yes&#8221; content_placement=&#8221;middle&#8221; css=&#8221;.vc_custom_1493863055399{padding-top: 20px !important;}&#8221;][vc_column_inner width=&#8221;1\/3&#8243;][vc_single_image image=&#8221;6813&#8243; img_size=&#8221;medium&#8221; onclick=&#8221;zoom&#8221;][\/vc_column_inner][vc_column_inner width=&#8221;1\/3&#8243;][vc_single_image image=&#8221;6814&#8243; img_size=&#8221;medium&#8221; onclick=&#8221;zoom&#8221;][\/vc_column_inner][vc_column_inner width=&#8221;1\/3&#8243;][vc_single_image image=&#8221;6812&#8243; img_size=&#8221;medium&#8221; onclick=&#8221;zoom&#8221;][\/vc_column_inner][\/vc_row_inner][vc_separator][\/vc_column][\/vc_row][vc_row css=&#8221;.vc_custom_1492531177114{padding-bottom: 15px !important;}&#8221;][vc_column]<div id=pg_head_title class=\"stylish-heading text-left show-neko-icon-on neko-sub-title-above   neko-small-title    vc_custom_1495801687765\">\n\t\t<h2 class=\" small-heading\">\n\t\tPromociones de Kindergarten\n\t\t<\/h2> <span class=\"neko-title-icon neko-title-icon-default\" style=\" top:-54px;\" ><\/span>\n\t<\/div>[\/vc_column][\/vc_row][vc_row css=&#8221;.vc_custom_1492530323698{padding-bottom: 15px !important;}&#8221;][vc_column width=&#8221;1\/2&#8243;]<h3 class=\"neko-vc_list-icon-title\">Proporcionamos a los Maestros lo que Necesitan:<\/h3> <ul  class=\"neko-vc_list-icon-ul clearfix   wpb_animate_when_almost_visible wpb_fadeInLeft fadeInLeft\"><li  class=\"neko-vc_list-icon-li ml-15\" style=\"border-bottom: 1px none \"><i class=\"icon-neko fa fa-graduation-cap\" style=\"color:#88d651\"><\/i><span >Diplomas de Fotos<\/span><\/li><li  class=\"neko-vc_list-icon-li ml-15\" style=\"border-bottom: 1px none \"><i class=\"icon-neko fa fa-wpforms\" style=\"color:#88d651\"><\/i><span >Notas de Despedida<\/span><\/li><li  class=\"neko-vc_list-icon-li ml-15\" style=\"border-bottom: 1px none \"><i class=\"icon-neko fa fa-star-o\" style=\"color:#88d651\"><\/i><span >``Lo que Quiero Ser`` Compuesto<\/span><\/li><li  class=\"neko-vc_list-icon-li ml-15\" style=\"border-bottom: 1px none \"><i class=\"icon-neko fa fa-cloud-upload\" style=\"color:#88d651\"><\/i><span >Carga digital con todas las im\u00e1genes para que los maestros de primer grado utilicen<\/span><\/li><\/ul>[\/vc_column][vc_column width=&#8221;1\/2&#8243;]<h3 class=\"neko-vc_list-icon-title\">Proporcionamos a los Padres lo que Quieren:<\/h3> <ul  class=\"neko-vc_list-icon-ul clearfix   wpb_animate_when_almost_visible wpb_fadeInLeft fadeInLeft\"><li  class=\"neko-vc_list-icon-li ml-15\" style=\"border-bottom: 1px none \"><i class=\"icon-neko fa fa-users\" style=\"color:#ddad63\"><\/i><span >Cuatro Puestos de Estudio Generando Ocho Im\u00e1genes<\/span><\/li><li  class=\"neko-vc_list-icon-li ml-15\" style=\"border-bottom: 1px none \"><i class=\"icon-neko fa fa-paint-brush\" style=\"color:#ddad63\"><\/i><span >Cuatro Colores y Cuatro Negro y Blanco<\/span><\/li><li  class=\"neko-vc_list-icon-li ml-15\" style=\"border-bottom: 1px none \"><i class=\"icon-neko fa fa-bullhorn\" style=\"color:#ddad63\"><\/i><span >Anuncios de Promoci\u00f3n<\/span><\/li><li  class=\"neko-vc_list-icon-li ml-15\" style=\"border-bottom: 1px none \"><i class=\"icon-neko fa fa-picture-o\" style=\"color:#ddad63\"><\/i><span >Cartel de la Sala Conmemorativa<\/span><\/li><li  class=\"neko-vc_list-icon-li ml-15\" style=\"border-bottom: 1px none \"><i class=\"icon-neko fa fa-coffee\" style=\"color:#ddad63\"><\/i><span >Recuerdos creativos y regalos<\/span><\/li><li  class=\"neko-vc_list-icon-li ml-15\" style=\"border-bottom: 1px none \"><i class=\"icon-neko fa fa-gift\" style=\"color:#ddad63\"><\/i><span >Recuerdo especial que ofrece: Cuadro del estudiante, anuncio de la promoci\u00f3n, y ``Lo que Quiero Ser ...`` Compuesto<\/span><\/li><\/ul>[\/vc_column][\/vc_row][vc_row neko_section_type=&#8221;neko-table-container&#8221; css=&#8221;.vc_custom_1493863163640{padding-top: 20px !important;}&#8221;][vc_column width=&#8221;1\/3&#8243;][vc_single_image image=&#8221;6797&#8243; img_size=&#8221;medium&#8221; alignment=&#8221;center&#8221; onclick=&#8221;zoom&#8221;][\/vc_column][vc_column width=&#8221;1\/3&#8243;][vc_single_image image=&#8221;6798&#8243; img_size=&#8221;medium&#8221; alignment=&#8221;center&#8221; onclick=&#8221;zoom&#8221;][\/vc_column][vc_column width=&#8221;1\/3&#8243;][vc_single_image image=&#8221;6799&#8243; img_size=&#8221;medium&#8221; alignment=&#8221;center&#8221; onclick=&#8221;zoom&#8221;][\/vc_column][\/vc_row][vc_row][vc_column][vc_separator][\/vc_column][\/vc_row]<\/p>\n<\/section>","protected":false},"excerpt":{"rendered":"<p>[vc_row full_width=&#8221;stretch_row_content_no_spaces&#8221; css=&#8221;.vc_custom_1495872089192{background-image: url(https:\/\/multisite.latahosting.com\/vgco\/wp-content\/uploads\/sites\/19\/2017\/05\/girl-glasses.jpg?id=6838) !important;}&#8221;][vc_column][\/vc_column][\/vc_row][vc_row css=&#8221;.vc_custom_1492750764580{padding-top: 25px !important;}&#8221;][vc_column][vc_column_text] Van Gogh School Photographers ofrece una variedad de excelentes programas de retratos: Oto\u00f1o, Primavera, Promoci\u00f3n de Kindergarten, Graduaci\u00f3n de Octavo Grado y Deportes. Ofrecemos las impresiones de la m\u00e1s alta calidad y las novedades de la foto que hacen los recuerdos maravillosos o los regalos perfectos. [\/vc_column_text][vc_separator][\/vc_column][\/vc_row][vc_row<\/p>\n","protected":false},"author":1,"featured_media":0,"parent":0,"menu_order":0,"comment_status":"closed","ping_status":"closed","template":"","meta":{"footnotes":""},"class_list":["post-6919","page","type-page","status-publish","hentry"],"_links":{"self":[{"href":"https:\/\/vangoghco.com\/es\/wp-json\/wp\/v2\/pages\/6919","targetHints":{"allow":["GET"]}}],"collection":[{"href":"https:\/\/vangoghco.com\/es\/wp-json\/wp\/v2\/pages"}],"about":[{"href":"https:\/\/vangoghco.com\/es\/wp-json\/wp\/v2\/types\/page"}],"author":[{"embeddable":true,"href":"https:\/\/vangoghco.com\/es\/wp-json\/wp\/v2\/users\/1"}],"replies":[{"embeddable":true,"href":"https:\/\/vangoghco.com\/es\/wp-json\/wp\/v2\/comments?post=6919"}],"version-history":[{"count":5,"href":"https:\/\/vangoghco.com\/es\/wp-json\/wp\/v2\/pages\/6919\/revisions"}],"predecessor-version":[{"id":7004,"href":"https:\/\/vangoghco.com\/es\/wp-json\/wp\/v2\/pages\/6919\/revisions\/7004"}],"wp:attachment":[{"href":"https:\/\/vangoghco.com\/es\/wp-json\/wp\/v2\/media?parent=6919"}],"curies":[{"name":"wp","href":"https:\/\/api.w.org\/{rel}","templated":true}]}}