{"id":6928,"date":"2017-01-10T12:53:53","date_gmt":"2017-01-10T12:53:53","guid":{"rendered":"http:\/\/multisite.latahosting.com\/vgco\/home\/"},"modified":"2017-07-03T22:30:47","modified_gmt":"2017-07-03T22:30:47","slug":"home","status":"publish","type":"page","link":"https:\/\/vangoghco.com\/es\/","title":{"rendered":"Casa"},"content":{"rendered":"<section class=\"wpb-content-wrapper\"><p>[vc_row full_width=&#8221;stretch_row_content_no_spaces&#8221; neko_section_type=&#8221;parallax&#8221; neko_parallax_option=&#8221;0&#8243; css=&#8221;.vc_custom_1492713884570{background-color: #f4f4f4 !important;}&#8221;][vc_column][rev_slider_vc alias=&#8221;vgco-home-slider-esp&#8221;][\/vc_column][\/vc_row][vc_row css=&#8221;.vc_custom_1492711574445{padding-top: 30px !important;padding-bottom: 20px !important;}&#8221;][vc_column]<div  class=\"stylish-heading text-center show-neko-icon-off neko-sub-title-under   neko-medium-title  wpb_animate_when_almost_visible wpb_bottom-to-top bottom-to-top  \">\n\t\t<h2 class=\" medium-heading\" style=\"color:#b2b2b2\">\n\t\tHemos estado haciendo que las escuelas, los estudiantes y las familias de nuestras comunidades sonrieran durante m\u00e1s de 70 a\u00f1os. Vamos a mostrar c\u00f3mo.\n\t\t<\/h2> \n\t<\/div>[\/vc_column][\/vc_row][vc_row css=&#8221;.vc_custom_1492785444616{padding-bottom: 30px !important;}&#8221;][vc_column width=&#8221;1\/3&#8243;][vc_column_text css=&#8221;.vc_custom_1495640225921{border-top-width: 1px !important;border-right-width: 1px !important;border-bottom-width: 1px !important;border-left-width: 1px !important;padding-top: 10px !important;padding-right: 10px !important;padding-bottom: 10px !important;padding-left: 10px !important;border-left-color: #dbdbdb !important;border-left-style: solid !important;border-right-color: #dbdbdb !important;border-right-style: solid !important;border-top-color: #dbdbdb !important;border-top-style: solid !important;border-bottom-color: #dbdbdb !important;border-bottom-style: solid !important;border-radius: 4px !important;}&#8221; el_class=&#8221;item_pg_box&#8221;]<\/p>\n<p style=\"text-align: center;\">Hacer que los Administradores Sonr\u00eden<\/p>\n<p><img loading=\"lazy\" decoding=\"async\" class=\"aligncenter wp-image-6840 size-medium\" src=\"http:\/\/multisite.latahosting.com\/vgco\/wp-content\/uploads\/sites\/19\/2017\/05\/manwithtie-300x200.jpg\" alt=\"\" width=\"300\" height=\"200\" \/><\/p>\n<p style=\"text-align: center;\">Hacemos el d\u00eda de fotografia y ordenando la foto sin complieaciones. Ofrecemos un programa de comisiones que le brinda lo que necesita. Proporcionamos todo lo que usted requiere y todo lo que sus padres quieren.<\/p>\n<p>[\/vc_column_text][\/vc_column][vc_column width=&#8221;1\/3&#8243;][vc_column_text css=&#8221;.vc_custom_1495318123829{border-top-width: 1px !important;border-right-width: 1px !important;border-bottom-width: 1px !important;border-left-width: 1px !important;padding-top: 10px !important;padding-right: 10px !important;padding-bottom: 10px !important;padding-left: 10px !important;border-left-color: #dbdbdb !important;border-left-style: solid !important;border-right-color: #dbdbdb !important;border-right-style: solid !important;border-top-color: #dbdbdb !important;border-top-style: solid !important;border-bottom-color: #dbdbdb !important;border-bottom-style: solid !important;border-radius: 4px !important;}&#8221; el_class=&#8221;item_pg_box&#8221;]<\/p>\n<p style=\"text-align: center;\">Hacer Sonre\u00edr a los Estudiantes<\/p>\n<p><img loading=\"lazy\" decoding=\"async\" class=\"aligncenter wp-image-6838 size-medium\" src=\"http:\/\/multisite.latahosting.com\/vgco\/wp-content\/uploads\/sites\/19\/2017\/05\/girl-glasses-300x200.jpg\" alt=\"\" width=\"300\" height=\"200\" \/><\/p>\n<p style=\"text-align: center;\">Hacemos que los estudiantes se sientan c\u00f3modos y buenos consigo mismos, captur\u00e1ndolos en su mejor momento.<\/p>\n<p>[\/vc_column_text][\/vc_column][vc_column width=&#8221;1\/3&#8243;][vc_column_text css=&#8221;.vc_custom_1495640290537{border-top-width: 1px !important;border-right-width: 1px !important;border-bottom-width: 1px !important;border-left-width: 1px !important;padding-top: 10px !important;padding-right: 10px !important;padding-bottom: 10px !important;padding-left: 10px !important;border-left-color: #dbdbdb !important;border-left-style: solid !important;border-right-color: #dbdbdb !important;border-right-style: solid !important;border-top-color: #dbdbdb !important;border-top-style: solid !important;border-bottom-color: #dbdbdb !important;border-bottom-style: solid !important;border-radius: 4px !important;}&#8221; el_class=&#8221;item_pg_box&#8221;]<\/p>\n<p style=\"text-align: center;\">Hacer que las Familias sonrien<\/p>\n<p><img loading=\"lazy\" decoding=\"async\" class=\"aligncenter wp-image-6851 size-medium\" src=\"http:\/\/multisite.latahosting.com\/vgco\/wp-content\/uploads\/sites\/19\/2017\/05\/couple-300x200.jpg\" alt=\"\" width=\"300\" height=\"200\" \/><\/p>\n<p>Ofrecemos a las familias el estilo de los cuadros que desean en la manera que quisieran \u2013 impresiones, lienzos, recuerdos \/ regalos.<\/p>\n<p>[\/vc_column_text][\/vc_column][\/vc_row][vc_row neko_section_type=&#8221;parallax&#8221; neko_parallax_option=&#8221;10&#8243; neko_mask_activation=&#8221;on&#8221; css=&#8221;.vc_custom_1495871077648{padding-top: 30px !important;padding-bottom: 30px !important;background-image: url(https:\/\/multisite.latahosting.com\/vgco\/wp-content\/uploads\/sites\/19\/2017\/05\/jumping-kids.jpg?id=6839) !important;background-position: center !important;background-repeat: no-repeat !important;background-size: cover !important;}&#8221; neko_mask_color=&#8221;rgba(10,10,10,0.6)&#8221;][vc_column]<div  class=\"stylish-heading text-center show-neko-icon-off neko-sub-title-under   neko-large-title  wpb_animate_when_almost_visible wpb_bottom-to-top bottom-to-top  \">\n\t\t<h2 class=\" large-heading\" style=\"color:#ffffff\">\n\t\t\u00bfPor qu\u00e9 elegir Van Gogh School Photographers?\n\t\t<\/h2> \n\t<\/div>[\/vc_column][\/vc_row][vc_row neko_section_type=&#8221;neko-table-container&#8221; css=&#8221;.vc_custom_1492711016820{padding-top: 30px !important;padding-bottom: 30px !important;background-color: #e8e8e8 !important;}&#8221;][vc_column width=&#8221;1\/2&#8243;]<div  class=\"stylish-heading text-left show-neko-icon-off neko-sub-title-under   neko-medium-title  wpb_animate_when_almost_visible wpb_right-to-left right-to-left   vc_custom_1495317726778\">\n\t\t<h2 class=\" medium-heading\">\n\t\tNuestra Misi\u00f3n<span>Una sonrisa no es nada para mantener a ti mismo<\/span>\n\t\t<\/h2> \n\t<\/div>[vc_column_text]En Van Gogh School Photographers, nuestra misi\u00f3n es poner sonrisas en los rostros de cada ni\u00f1o, familia y miembro del personal de la escuela que tenemos el privilegio de servir. Debido a que ha sido nuestra misi\u00f3n durante los \u00faltimos 70 a\u00f1os, somos un l\u00edder en la industria de la fotograf\u00eda escolar y hacemos todo lo posible para estar a la altura de ese honor todos los d\u00edas.[\/vc_column_text][\/vc_column][vc_column width=&#8221;1\/2&#8243; css=&#8221;.vc_custom_1492463596969{margin-left: 20px !important;}&#8221;][vc_row_inner equal_height=&#8221;yes&#8221; content_placement=&#8221;top&#8221; gap=&#8221;10&#8243;][vc_column_inner width=&#8221;1\/2&#8243;]<div  class=\"neko-vc_feature-box neko-vc_media-left   wpb_animate_when_almost_visible wpb_left-to-right left-to-right  vc_custom_1495318045752\"><i class=\"icon-neko vc_li vc_li-diamond medium default \" style=\"  border-color: transparent;  \"><\/i><div class=\"neko-vc_feature-box-content\"><h3>\u00a0 \u00a0 \u00a0De la M\u00e1xima Calidad<\/h3>\n<p class=\"small\">Fot\u00f3grafos capacitados, equipos profesionales y lo \u00faltimo en tecnolog\u00eda de impresi\u00f3n hacen que nuestras fotos, productos fotogr\u00e1ficos y anuarios cumplan con los m\u00e1s altos est\u00e1ndares.<\/p>\n<\/div><\/div>[\/vc_column_inner][vc_column_inner width=&#8221;1\/2&#8243;]<div  class=\"neko-vc_feature-box neko-vc_media-left   wpb_animate_when_almost_visible wpb_left-to-right left-to-right  vc_custom_1495318013273\"><i class=\"icon-neko vc_li vc_li-like medium default \" style=\"  border-color: transparent;  \"><\/i><div class=\"neko-vc_feature-box-content\"><h3>\u00a0 \u00a0 \u00a0 De Confianza<\/h3>\n<p class=\"small\">Fot\u00f3grafos altamente capacitados y aprobados, fuerza de ventas directa, personal organizado, agentes dedicados al servicio al cliente y t\u00e9cnicos calificados se unen para brindarle una experiencia de imagen sin complicaciones.<\/p>\n<\/div><\/div>[\/vc_column_inner][\/vc_row_inner][vc_row_inner equal_height=&#8221;yes&#8221; content_placement=&#8221;top&#8221; gap=&#8221;10&#8243;][vc_column_inner width=&#8221;1\/2&#8243;]<div  class=\"neko-vc_feature-box neko-vc_media-left   wpb_animate_when_almost_visible wpb_left-to-right left-to-right  vc_custom_1495640358220\"><i class=\"icon-neko entypo-icon entypo-icon-tools medium default \" style=\"  border-color: transparent;  \"><\/i><div class=\"neko-vc_feature-box-content\"><h3>\u00a0 \u00a0 \u00a0Servicio Completo<\/h3>\n<p class=\"small\">No hay necesidad de buscar en ning\u00fan otro lugar! Oto\u00f1o, primavera, graduaci\u00f3n, comuniones, deportes, grupos, compuestos, art\u00edculos de servicio, anuarios &#8230; Lo hacemos todo &#8230; localmente. Incluso podemos imprimir calendarios, carteles, anuncios de representacion, certificados, y m\u00e1s. Adem\u00e1s, tenemos excelentes programas de recaudaci\u00f3n de fondos para su escuela. Una llamada. Sin dolores de cabeza<\/p>\n<\/div><\/div>[\/vc_column_inner][vc_column_inner width=&#8221;1\/2&#8243;]<div  class=\"neko-vc_feature-box neko-vc_media-left   wpb_animate_when_almost_visible wpb_left-to-right left-to-right  vc_custom_1495317899577\"><i class=\"icon-neko vc_li vc_li-camera medium default \" style=\"  border-color: transparent;  \"><\/i><div class=\"neko-vc_feature-box-content\"><h3>\u00a0 \u00a0 Conveniente<\/h3>\n<p class=\"small\">Hacemos todo f\u00e1cil. Nuestro sencillo sistema de pedidos en l\u00ednea saca a los profesores del negocio de recaudaci\u00f3n de dinero. Nuestro programa de anuario directo hace que sea una brisa para los coordinadores del anuario y los padres. Nuestro sistema flexible de comisiones le brinda exactamente lo que necesita.<\/p>\n<\/div><\/div>[\/vc_column_inner][\/vc_row_inner]<div  class=\"neko-vc_feature-box neko-vc_media-left   wpb_animate_when_almost_visible wpb_left-to-right left-to-right  vc_custom_1495317870712\"><i class=\"icon-neko vc_li vc_li-heart medium default \" style=\"  border-color: transparent;  \"><\/i><div class=\"neko-vc_feature-box-content\"><h3>\u00a0 \u00a0 \u00a0Satisfacci\u00f3n Garantizada<\/h3>\n<p class=\"small\">La conclusi\u00f3n es que queremos hacer que tu escuela, tus estudiantes y tus padres sonrieran y no nos detendremos hasta que lo hagamos!<\/p>\n<\/div><\/div>[\/vc_column][\/vc_row][vc_row neko_section_type=&#8221;neko-table-container&#8221; css_animation=&#8221;slideInUp&#8221; css=&#8221;.vc_custom_1492466018238{margin-bottom: 30px !important;padding-top: 30px !important;}&#8221;][vc_column width=&#8221;1\/3&#8243;]<div  class=\"neko-vc_feature-box neko-vc_media-left    vc_custom_1499121043990\"><i class=\"icon-neko fa fa-quote-left large default \" style=\"color:#cecece;  border-color: transparent;  \"><\/i><div class=\"neko-vc_feature-box-content\"><p>Acabamos de terminar nuestros d\u00edas de fotos con Van Gogh School Photographers. El proceso fue muy f\u00e1cil y Kristin, nuestro fot\u00f3grafo, fue genial. Ella ten\u00eda un comportamiento maravilloso con los ni\u00f1os y fue una alegr\u00eda trabajar con ella. Ella trabaj\u00f3 duro para conseguir el mejor tiro y parec\u00eda realmente disfrutar de lo que estaba haciendo. Estoy ansiosa por ver los resultados. Por favor, gracias a ella de nosotros. <cite>&#8211; Kathy Olsen, Ravina Nursery School<\/cite><\/p>\n<\/div><\/div>[\/vc_column][vc_column width=&#8221;1\/3&#8243;]<div  class=\"neko-vc_feature-box neko-vc_media-left    vc_custom_1495640460547\"><i class=\"icon-neko fa fa-quote-left large default \" style=\"color:#cecece;  border-color: transparent;  \"><\/i><div class=\"neko-vc_feature-box-content\"><p>En primer lugar, gracias por las tarjetas de identificaci\u00f3n para preescolar. Son perfectos y justo lo que necesit\u00e1bamos &#8230; Otra cosa, el anuario parece IMPRESIONANTE. Est\u00e1bamos muy emocionados para obtener una vista previa. Gracias otra vez por todo lo que hacen. <cite>&#8211; Mary Beth Koenig, St. Joseph Catholic School<\/cite><\/p>\n<\/div><\/div>[\/vc_column][vc_column width=&#8221;1\/3&#8243;]<div  class=\"neko-vc_feature-box neko-vc_media-left   \"><i class=\"icon-neko fa fa-quote-left large default \" style=\"color:#cecece;  border-color: transparent;  \"><\/i><div class=\"neko-vc_feature-box-content\"><p> Muchas gracias! Su servicio de atenci\u00f3n al cliente es estelar!!! <cite>&#8211; Molly Cohen<\/cite> <\/p>\n<\/div><\/div><div  class=\"neko-vc_feature-box neko-vc_media-left    vc_custom_1495317768087\"><i class=\"icon-neko fa fa-quote-left large default \" style=\"color:#cecece;  border-color: transparent;  \"><\/i><div class=\"neko-vc_feature-box-content\"><p> Es un precioso recuerdo para nosotros. <cite>&#8211; Trudy Knudsen<\/cite> <\/p>\n<\/div><\/div><div  class=\"neko-vc_feature-box neko-vc_media-left    vc_custom_1495317751609\"><i class=\"icon-neko fa fa-quote-left large default \" style=\"color:#cecece;  border-color: transparent;  \"><\/i><div class=\"neko-vc_feature-box-content\"><p> Gracias por su pronta atenci\u00f3n. <cite>&#8211; Courtney Swanson<\/cite> <\/p>\n<\/div><\/div>[\/vc_column][\/vc_row]<\/p>\n<\/section>","protected":false},"excerpt":{"rendered":"<p>[vc_row full_width=&#8221;stretch_row_content_no_spaces&#8221; neko_section_type=&#8221;parallax&#8221; neko_parallax_option=&#8221;0&#8243; css=&#8221;.vc_custom_1492713884570{background-color: #f4f4f4 !important;}&#8221;][vc_column][rev_slider_vc alias=&#8221;vgco-home-slider-esp&#8221;][\/vc_column][\/vc_row][vc_row css=&#8221;.vc_custom_1492711574445{padding-top: 30px !important;padding-bottom: 20px !important;}&#8221;][vc_column][\/vc_column][\/vc_row][vc_row css=&#8221;.vc_custom_1492785444616{padding-bottom: 30px !important;}&#8221;][vc_column width=&#8221;1\/3&#8243;][vc_column_text css=&#8221;.vc_custom_1495640225921{border-top-width: 1px !important;border-right-width: 1px !important;border-bottom-width: 1px !important;border-left-width: 1px !important;padding-top: 10px !important;padding-right: 10px !important;padding-bottom: 10px !important;padding-left: 10px !important;border-left-color: #dbdbdb !important;border-left-style: solid !important;border-right-color: #dbdbdb !important;border-right-style: solid !important;border-top-color: #dbdbdb !important;border-top-style: solid !important;border-bottom-color: #dbdbdb !important;border-bottom-style: solid !important;border-radius: 4px !important;}&#8221; el_class=&#8221;item_pg_box&#8221;] Hacer que<\/p>\n","protected":false},"author":1,"featured_media":0,"parent":0,"menu_order":0,"comment_status":"closed","ping_status":"closed","template":"","meta":{"footnotes":""},"class_list":["post-6928","page","type-page","status-publish","hentry"],"_links":{"self":[{"href":"https:\/\/vangoghco.com\/es\/wp-json\/wp\/v2\/pages\/6928","targetHints":{"allow":["GET"]}}],"collection":[{"href":"https:\/\/vangoghco.com\/es\/wp-json\/wp\/v2\/pages"}],"about":[{"href":"https:\/\/vangoghco.com\/es\/wp-json\/wp\/v2\/types\/page"}],"author":[{"embeddable":true,"href":"https:\/\/vangoghco.com\/es\/wp-json\/wp\/v2\/users\/1"}],"replies":[{"embeddable":true,"href":"https:\/\/vangoghco.com\/es\/wp-json\/wp\/v2\/comments?post=6928"}],"version-history":[{"count":5,"href":"https:\/\/vangoghco.com\/es\/wp-json\/wp\/v2\/pages\/6928\/revisions"}],"predecessor-version":[{"id":7019,"href":"https:\/\/vangoghco.com\/es\/wp-json\/wp\/v2\/pages\/6928\/revisions\/7019"}],"wp:attachment":[{"href":"https:\/\/vangoghco.com\/es\/wp-json\/wp\/v2\/media?parent=6928"}],"curies":[{"name":"wp","href":"https:\/\/api.w.org\/{rel}","templated":true}]}}